{"id":1349,"date":"2019-07-08T16:56:56","date_gmt":"2019-07-08T14:56:56","guid":{"rendered":"https:\/\/www.svstones.be\/home\/"},"modified":"2019-09-12T18:16:37","modified_gmt":"2019-09-12T16:16:37","slug":"home","status":"publish","type":"page","link":"https:\/\/www.svstones.be\/fr\/","title":{"rendered":"Home"},"content":{"rendered":"<p><div class=\"fusion-fullwidth fullwidth-box fusion-builder-row-1 fusion-parallax-none nonhundred-percent-fullwidth hundred-percent-height hundred-percent-height-center-content non-hundred-percent-height-scrolling\" style=\"--awb-border-radius-top-left:0px;--awb-border-radius-top-right:0px;--awb-border-radius-bottom-right:0px;--awb-border-radius-bottom-left:0px;--awb-background-image:url(&quot;https:\/\/www.svstones.be\/wp-content\/uploads\/2019\/06\/201208_terras_1_3.jpg&quot;);--awb-background-size:cover;--awb-flex-wrap:wrap;\" ><div class=\"fusion-fullwidth-center-content\"><div class=\"fusion-builder-row fusion-row\"><div class=\"fusion-layout-column fusion_builder_column fusion-builder-column-0 fusion_builder_column_1_1 1_1 fusion-one-full fusion-column-first fusion-column-last\" style=\"--awb-padding-bottom:30px;--awb-bg-size:cover;\"><div class=\"fusion-column-wrapper fusion-column-has-shadow fusion-flex-column-wrapper-legacy\"><div class=\"fusion-text fusion-text-1 lang_sel_list\">\n<div role=\"navigation\" aria-label=\"S\u00e9lecteur de langue\" class=\"wpml-ls-statics-shortcode_actions wpml-ls wpml-ls-legacy-list-horizontal\">\n\t<ul><li class=\"wpml-ls-slot-shortcode_actions wpml-ls-item wpml-ls-item-nl wpml-ls-first-item wpml-ls-item-legacy-list-horizontal\">\n\t\t\t\t<a href=\"https:\/\/www.svstones.be\/\" hreflang=\"nl\" lang=\"nl\" class=\"wpml-ls-link\" aria-label=\"Passer \u00e0 Nederlands\" title=\"Passer \u00e0 Nederlands\">\n\t\t\t\t\t                                    <img decoding=\"async\"\n            class=\"wpml-ls-flag\"\n            src=\"https:\/\/www.svstones.be\/wp-content\/plugins\/sitepress-multilingual-cms\/res\/flags\/nl.png\"\n            alt=\"\"\n            loading=\"lazy\"\n            width=18\n            height=12\n    \/><span class=\"wpml-ls-native\">Nederlands<\/span><\/a>\n\t\t\t<\/li><li class=\"wpml-ls-slot-shortcode_actions wpml-ls-item wpml-ls-item-en wpml-ls-last-item wpml-ls-item-legacy-list-horizontal\">\n\t\t\t\t<a href=\"https:\/\/www.svstones.be\/en\/\" hreflang=\"en\" lang=\"en\" class=\"wpml-ls-link\" aria-label=\"Passer \u00e0 English\" title=\"Passer \u00e0 English\">\n\t\t\t\t\t                                    <img decoding=\"async\"\n            class=\"wpml-ls-flag\"\n            src=\"https:\/\/www.svstones.be\/wp-content\/plugins\/sitepress-multilingual-cms\/res\/flags\/en.png\"\n            alt=\"\"\n            loading=\"lazy\"\n            width=18\n            height=12\n    \/><span class=\"wpml-ls-native\">English<\/span><\/a>\n\t\t\t<\/li><\/ul>\n<\/div>\n\n<\/div><div class=\"fusion-sep-clear\"><\/div><div class=\"fusion-separator fusion-full-width-sep\" style=\"margin-left: auto;margin-right: auto;margin-top:20px;width:100%;\"><\/div><div class=\"fusion-sep-clear\"><\/div><div class=\"fusion-image-element fusion-image-align-center in-legacy-container\" style=\"text-align:center;--awb-caption-title-font-family:var(--h2_typography-font-family);--awb-caption-title-font-weight:var(--h2_typography-font-weight);--awb-caption-title-font-style:var(--h2_typography-font-style);--awb-caption-title-size:var(--h2_typography-font-size);--awb-caption-title-transform:var(--h2_typography-text-transform);--awb-caption-title-line-height:var(--h2_typography-line-height);--awb-caption-title-letter-spacing:var(--h2_typography-letter-spacing);\"><div class=\"imageframe-align-center\"><span class=\" fusion-imageframe imageframe-none imageframe-1 hover-type-none\" style=\"border:2px solid #ffffff;\"><a class=\"fusion-no-lightbox\" href=\"https:\/\/www.svstones.be\/fr\/sols\/\" target=\"_self\" aria-label=\"SV Stones pierres naturelles\"><img decoding=\"async\" width=\"568\" height=\"568\" alt=\"SV Stones pierres naturelles\" src=\"https:\/\/www.svstones.be\/wp-content\/uploads\/2019\/07\/SV-Stones-natuursteen.jpg\" class=\"img-responsive wp-image-1341\" srcset=\"https:\/\/www.svstones.be\/wp-content\/uploads\/2019\/07\/SV-Stones-natuursteen-200x200.jpg 200w, https:\/\/www.svstones.be\/wp-content\/uploads\/2019\/07\/SV-Stones-natuursteen-400x400.jpg 400w, https:\/\/www.svstones.be\/wp-content\/uploads\/2019\/07\/SV-Stones-natuursteen.jpg 568w\" sizes=\"(max-width: 800px) 100vw, 568px\" \/><\/a><\/span><\/div><\/div><div class=\"fusion-sep-clear\"><\/div><div class=\"fusion-separator fusion-full-width-sep\" style=\"margin-left: auto;margin-right: auto;margin-top:20px;width:100%;\"><\/div><div class=\"fusion-sep-clear\"><\/div><div class=\"fusion-button-wrapper fusion-aligncenter\"><a class=\"fusion-button button-flat button-xlarge button-default fusion-button-default button-1 fusion-button-span-no fusion-button-default-type\" target=\"_self\" href=\"https:\/\/www.svstones.be\/fr\/contactez-nous\/\"><span class=\"fusion-button-text awb-button__text awb-button__text--default\">Contactez nous<\/span><\/a><\/div><div class=\"fusion-clearfix\"><\/div><\/div><\/div><\/div><\/div><\/div><div class=\"fusion-fullwidth fullwidth-box fusion-builder-row-2 nonhundred-percent-fullwidth non-hundred-percent-height-scrolling\" style=\"--awb-background-position:left top;--awb-border-radius-top-left:0px;--awb-border-radius-top-right:0px;--awb-border-radius-bottom-right:0px;--awb-border-radius-bottom-left:0px;--awb-padding-top:20px;--awb-padding-bottom:2.5%;--awb-border-sizes-top:0px;--awb-border-sizes-bottom:0px;--awb-flex-wrap:wrap;\" ><div class=\"fusion-builder-row fusion-row\"><div class=\"fusion-layout-column fusion_builder_column fusion-builder-column-1 fusion_builder_column_1_1 1_1 fusion-one-full fusion-column-first fusion-column-last\" style=\"--awb-padding-top:0%;--awb-padding-right:15%;--awb-padding-bottom:0%;--awb-padding-left:15%;--awb-bg-size:cover;\"><div class=\"fusion-column-wrapper fusion-flex-column-wrapper-legacy\"><div class=\"fusion-text fusion-text-2\"><h2 style=\"text-align: center;\">Pierres naturelles vieillies de mani\u00e8re artisanale<\/h2>\n<\/div><div class=\"fusion-text fusion-text-3\"><p style=\"text-align: center;\">SV STONES est le distributeur exclusif de pierres naturelles vieillies de mani\u00e8re artisanale. En plus de la manipulation de sols en pierre naturelle et de chemin\u00e9es d&rsquo;ornement en pierre blanche fran\u00e7aise, SV STONES se sp\u00e9cialise dans le travail sur mesure en toute sorte de pierres naturelles.<\/p>\n<\/div><div class=\"fusion-clearfix\"><\/div><\/div><\/div><\/div><\/div><div class=\"fusion-fullwidth fullwidth-box fusion-builder-row-3 hundred-percent-fullwidth non-hundred-percent-height-scrolling fusion-equal-height-columns\" style=\"--awb-background-position:left top;--awb-border-radius-top-left:0px;--awb-border-radius-top-right:0px;--awb-border-radius-bottom-right:0px;--awb-border-radius-bottom-left:0px;--awb-padding-top:0px;--awb-padding-right:4%;--awb-padding-bottom:100px;--awb-padding-left:4%;--awb-border-sizes-top:0px;--awb-border-sizes-bottom:0px;--awb-flex-wrap:wrap;\" ><div class=\"fusion-builder-row fusion-row\"><div class=\"fusion-layout-column fusion_builder_column fusion-builder-column-2 fusion_builder_column_1_3 1_3 fusion-one-third fusion-column-first fusion-column-inner-bg-wrapper\" style=\"--awb-inner-bg-size:cover;--awb-border-color:#c7c3c2;--awb-border-top:1px;--awb-border-right:1px;--awb-border-bottom:1px;--awb-border-left:1px;--awb-border-style:solid;--awb-margin-bottom:10px;width:30.6666%; margin-right: 4%;\"><span class=\"fusion-column-inner-bg hover-type-none\"><a class=\"fusion-column-anchor\" href=\"https:\/\/www.svstones.be\/fr\/sols\/\"><span class=\"fusion-column-inner-bg-image\"><\/span><\/a><\/span><div class=\"fusion-column-wrapper fusion-column-has-shadow fusion-flex-column-wrapper-legacy\"><div class=\"fusion-image-element fusion-image-align-center in-legacy-container\" style=\"text-align:center;--awb-caption-title-font-family:var(--h2_typography-font-family);--awb-caption-title-font-weight:var(--h2_typography-font-weight);--awb-caption-title-font-style:var(--h2_typography-font-style);--awb-caption-title-size:var(--h2_typography-font-size);--awb-caption-title-transform:var(--h2_typography-text-transform);--awb-caption-title-line-height:var(--h2_typography-line-height);--awb-caption-title-letter-spacing:var(--h2_typography-letter-spacing);\"><div class=\"imageframe-align-center\"><span class=\" fusion-imageframe imageframe-none imageframe-2 hover-type-none\"><img decoding=\"async\" width=\"800\" height=\"600\" alt=\"Old christian\" title=\"Old christian\" src=\"https:\/\/www.svstones.be\/wp-content\/uploads\/2019\/07\/Old-christian-04.jpg\" class=\"img-responsive wp-image-1093\" srcset=\"https:\/\/www.svstones.be\/wp-content\/uploads\/2019\/07\/Old-christian-04-200x150.jpg 200w, https:\/\/www.svstones.be\/wp-content\/uploads\/2019\/07\/Old-christian-04-400x300.jpg 400w, https:\/\/www.svstones.be\/wp-content\/uploads\/2019\/07\/Old-christian-04-600x450.jpg 600w, https:\/\/www.svstones.be\/wp-content\/uploads\/2019\/07\/Old-christian-04.jpg 800w\" sizes=\"(max-width: 800px) 100vw, 400px\" \/><\/span><\/div><\/div><div class=\"fusion-builder-row fusion-builder-row-inner fusion-row\"><div class=\"fusion-layout-column fusion_builder_column_inner fusion-builder-nested-column-0 fusion_builder_column_inner_1_1 1_1 fusion-one-full fusion-column-first fusion-column-last\" style=\"--awb-padding-top:10px;--awb-padding-right:10px;--awb-padding-bottom:10px;--awb-padding-left:10px;--awb-bg-size:cover;\"><div class=\"fusion-column-wrapper fusion-column-has-shadow fusion-flex-column-wrapper-legacy\"><div class=\"fusion-title title fusion-title-1 fusion-sep-none fusion-title-center fusion-title-text fusion-title-size-two\" style=\"--awb-margin-top-small:20px;--awb-margin-right-small:0px;--awb-margin-bottom-small:20px;--awb-margin-left-small:0px;\"><h2 class=\"fusion-title-heading title-heading-center fusion-responsive-typography-calculated\" style=\"margin:0;--fontSize:26;line-height:1.22;\"><p style=\"text-align: center;\">SOLS<\/p><\/h2><\/div><div class=\"fusion-text fusion-text-4\"><p style=\"text-align: center;\">SV Stones traite de mani\u00e8re unique votre nouveau sol en pierre bleue jusqu&rsquo;\u00e0 ce que celui-ci ait l&rsquo;apparence d&rsquo;un sol de ch\u00e2teau vieux de quelques si\u00e8cles. Ces sols se marient aussi bien dans un int\u00e9rieur moderne que classique.<\/p>\n<\/div><div class=\"fusion-clearfix\"><\/div><\/div><\/div><\/div><div class=\"fusion-clearfix\"><\/div><\/div><\/div><div class=\"fusion-layout-column fusion_builder_column fusion-builder-column-3 fusion_builder_column_1_3 1_3 fusion-one-third fusion-column-inner-bg-wrapper\" style=\"--awb-inner-bg-size:cover;--awb-border-color:#c7c3c2;--awb-border-top:1px;--awb-border-right:1px;--awb-border-bottom:1px;--awb-border-left:1px;--awb-border-style:solid;--awb-margin-bottom:10px;width:30.6666%; margin-right: 4%;\"><span class=\"fusion-column-inner-bg hover-type-none\"><a class=\"fusion-column-anchor\" href=\"https:\/\/www.svstones.be\/fr\/sur-mesure\/\"><span class=\"fusion-column-inner-bg-image\"><\/span><\/a><\/span><div class=\"fusion-column-wrapper fusion-column-has-shadow fusion-flex-column-wrapper-legacy\"><div class=\"fusion-image-element fusion-image-align-center in-legacy-container\" style=\"text-align:center;--awb-caption-title-font-family:var(--h2_typography-font-family);--awb-caption-title-font-weight:var(--h2_typography-font-weight);--awb-caption-title-font-style:var(--h2_typography-font-style);--awb-caption-title-size:var(--h2_typography-font-size);--awb-caption-title-transform:var(--h2_typography-text-transform);--awb-caption-title-line-height:var(--h2_typography-line-height);--awb-caption-title-letter-spacing:var(--h2_typography-letter-spacing);\"><div class=\"imageframe-align-center\"><span class=\" fusion-imageframe imageframe-none imageframe-3 hover-type-none\"><img decoding=\"async\" width=\"800\" height=\"600\" alt=\"Sur mesure\" title=\"Maatwerk\" src=\"https:\/\/www.svstones.be\/wp-content\/uploads\/2019\/07\/Maatwerk-29.jpg\" class=\"img-responsive wp-image-1153\" srcset=\"https:\/\/www.svstones.be\/wp-content\/uploads\/2019\/07\/Maatwerk-29-200x150.jpg 200w, https:\/\/www.svstones.be\/wp-content\/uploads\/2019\/07\/Maatwerk-29-400x300.jpg 400w, https:\/\/www.svstones.be\/wp-content\/uploads\/2019\/07\/Maatwerk-29-600x450.jpg 600w, https:\/\/www.svstones.be\/wp-content\/uploads\/2019\/07\/Maatwerk-29.jpg 800w\" sizes=\"(max-width: 800px) 100vw, 400px\" \/><\/span><\/div><\/div><div class=\"fusion-builder-row fusion-builder-row-inner fusion-row\"><div class=\"fusion-layout-column fusion_builder_column_inner fusion-builder-nested-column-1 fusion_builder_column_inner_1_1 1_1 fusion-one-full fusion-column-first fusion-column-last\" style=\"--awb-padding-top:10px;--awb-padding-right:10px;--awb-padding-bottom:10px;--awb-padding-left:10px;--awb-bg-size:cover;\"><div class=\"fusion-column-wrapper fusion-column-has-shadow fusion-flex-column-wrapper-legacy\"><div class=\"fusion-title title fusion-title-2 fusion-sep-none fusion-title-center fusion-title-text fusion-title-size-two\" style=\"--awb-margin-top-small:20px;--awb-margin-right-small:0px;--awb-margin-bottom-small:20px;--awb-margin-left-small:0px;\"><h2 class=\"fusion-title-heading title-heading-center fusion-responsive-typography-calculated\" style=\"margin:0;--fontSize:26;line-height:1.22;\"><p style=\"text-align: center;\">SUR MESURE<\/p><\/h2><\/div><div class=\"fusion-text fusion-text-5\"><p style=\"text-align: center;\">Pour bien finir votre int\u00e9rieur, nous nous sp\u00e9cialisons aussi dans le travail sur mesure en pierre bleue et pierre blanche fran\u00e7aise. Nous avons de nombreuses possibilit\u00e9s: \u00e9vier massif, seuil de fen\u00eatre en pierre bleue, escalier en pierre, huisseries de porte rustiques\u2026<\/p>\n<\/div><div class=\"fusion-clearfix\"><\/div><\/div><\/div><\/div><div class=\"fusion-clearfix\"><\/div><\/div><\/div><div class=\"fusion-layout-column fusion_builder_column fusion-builder-column-4 fusion_builder_column_1_3 1_3 fusion-one-third fusion-column-last fusion-column-inner-bg-wrapper\" style=\"--awb-inner-bg-size:cover;--awb-border-color:#c7c3c2;--awb-border-top:1px;--awb-border-right:1px;--awb-border-bottom:1px;--awb-border-left:1px;--awb-border-style:solid;--awb-margin-bottom:10px;width:30.6666%;\"><span class=\"fusion-column-inner-bg hover-type-none\"><a class=\"fusion-column-anchor\" href=\"https:\/\/www.svstones.be\/fr\/pierres-originel\/\"><span class=\"fusion-column-inner-bg-image\"><\/span><\/a><\/span><div class=\"fusion-column-wrapper fusion-column-has-shadow fusion-flex-column-wrapper-legacy\"><div class=\"fusion-image-element fusion-image-align-center in-legacy-container\" style=\"text-align:center;--awb-caption-title-font-family:var(--h2_typography-font-family);--awb-caption-title-font-weight:var(--h2_typography-font-weight);--awb-caption-title-font-style:var(--h2_typography-font-style);--awb-caption-title-size:var(--h2_typography-font-size);--awb-caption-title-transform:var(--h2_typography-text-transform);--awb-caption-title-line-height:var(--h2_typography-line-height);--awb-caption-title-letter-spacing:var(--h2_typography-letter-spacing);\"><div class=\"imageframe-align-center\"><span class=\" fusion-imageframe imageframe-none imageframe-4 hover-type-none\"><img decoding=\"async\" width=\"800\" height=\"600\" alt=\"Vieux Sols de Pierre Bleue Belge\" title=\"Oude arduin tegels\" src=\"https:\/\/www.svstones.be\/wp-content\/uploads\/2019\/07\/Oude-arduin-tegels-04.jpg\" class=\"img-responsive wp-image-1289\" srcset=\"https:\/\/www.svstones.be\/wp-content\/uploads\/2019\/07\/Oude-arduin-tegels-04-200x150.jpg 200w, https:\/\/www.svstones.be\/wp-content\/uploads\/2019\/07\/Oude-arduin-tegels-04-400x300.jpg 400w, https:\/\/www.svstones.be\/wp-content\/uploads\/2019\/07\/Oude-arduin-tegels-04-600x450.jpg 600w, https:\/\/www.svstones.be\/wp-content\/uploads\/2019\/07\/Oude-arduin-tegels-04.jpg 800w\" sizes=\"(max-width: 800px) 100vw, 400px\" \/><\/span><\/div><\/div><div class=\"fusion-builder-row fusion-builder-row-inner fusion-row\"><div class=\"fusion-layout-column fusion_builder_column_inner fusion-builder-nested-column-2 fusion_builder_column_inner_1_1 1_1 fusion-one-full fusion-column-first fusion-column-last\" style=\"--awb-padding-top:10px;--awb-padding-right:10px;--awb-padding-bottom:10px;--awb-padding-left:10px;--awb-bg-size:cover;\"><div class=\"fusion-column-wrapper fusion-column-has-shadow fusion-flex-column-wrapper-legacy\"><div class=\"fusion-title title fusion-title-3 fusion-sep-none fusion-title-center fusion-title-text fusion-title-size-two\" style=\"--awb-margin-top-small:20px;--awb-margin-right-small:0px;--awb-margin-bottom-small:20px;--awb-margin-left-small:0px;--awb-font-size:24px;\"><h2 class=\"fusion-title-heading title-heading-center fusion-responsive-typography-calculated\" style=\"margin:0;font-size:1em;--fontSize:24;line-height:1.22;\"><p style=\"text-align: center;\">ANCIENS MAT\u00c9RIAUX DE CONSTRUCTION<\/p><\/h2><\/div><div class=\"fusion-text fusion-text-6\"><p style=\"text-align: center;\">Gr\u00e2ce \u00e0 nos bons contacts dans le secteur du b\u00e2timent, des lots avec d\u2019anciens mat\u00e9riaux de constructions nous sont r\u00e9guli\u00e8rement propos\u00e9s. Ceci peut aller de bordures de route anciennes, des plaques d\u2019\u00e9gout, des poteaux, jusqu\u2019\u00e0 m\u00eame des anciens sols d\u2019\u00e9glises ou de ch\u00e2teaux.<\/p>\n<\/div><div class=\"fusion-clearfix\"><\/div><\/div><\/div><\/div><div class=\"fusion-clearfix\"><\/div><\/div><\/div><\/div><\/div><\/p>\n","protected":false},"excerpt":{"rendered":"","protected":false},"author":3590,"featured_media":0,"parent":0,"menu_order":0,"comment_status":"closed","ping_status":"closed","template":"100-width.php","meta":{"footnotes":""},"class_list":["post-1349","page","type-page","status-publish","hentry"],"yoast_head":"<!-- This site is optimized with the Yoast SEO plugin v27.5 - https:\/\/yoast.com\/product\/yoast-seo-wordpress\/ -->\n<title>Home | SV Stones<\/title>\n<meta name=\"robots\" content=\"index, follow, max-snippet:-1, max-image-preview:large, max-video-preview:-1\" \/>\n<link rel=\"canonical\" href=\"https:\/\/www.svstones.be\/fr\/\" \/>\n<meta property=\"og:locale\" content=\"fr_FR\" \/>\n<meta property=\"og:type\" content=\"article\" \/>\n<meta property=\"og:title\" content=\"Home | SV Stones\" \/>\n<meta property=\"og:url\" content=\"https:\/\/www.svstones.be\/fr\/\" \/>\n<meta property=\"og:site_name\" content=\"SV Stones\" \/>\n<meta property=\"article:modified_time\" content=\"2019-09-12T16:16:37+00:00\" \/>\n<meta name=\"twitter:card\" content=\"summary_large_image\" \/>\n<meta name=\"twitter:label1\" content=\"Dur\u00e9e de lecture estim\u00e9e\" \/>\n\t<meta name=\"twitter:data1\" content=\"11 minutes\" \/>\n<script type=\"application\/ld+json\" class=\"yoast-schema-graph\">{\"@context\":\"https:\\\/\\\/schema.org\",\"@graph\":[{\"@type\":\"WebPage\",\"@id\":\"https:\\\/\\\/www.svstones.be\\\/fr\\\/\",\"url\":\"https:\\\/\\\/www.svstones.be\\\/fr\\\/\",\"name\":\"Home | SV Stones\",\"isPartOf\":{\"@id\":\"https:\\\/\\\/www.svstones.be\\\/#website\"},\"datePublished\":\"2019-07-08T14:56:56+00:00\",\"dateModified\":\"2019-09-12T16:16:37+00:00\",\"inLanguage\":\"fr-FR\",\"potentialAction\":[{\"@type\":\"ReadAction\",\"target\":[\"https:\\\/\\\/www.svstones.be\\\/fr\\\/\"]}]},{\"@type\":\"WebSite\",\"@id\":\"https:\\\/\\\/www.svstones.be\\\/#website\",\"url\":\"https:\\\/\\\/www.svstones.be\\\/\",\"name\":\"SV Stones\",\"description\":\"Ambachtelijk Verouderde Natuursteen\",\"potentialAction\":[{\"@type\":\"SearchAction\",\"target\":{\"@type\":\"EntryPoint\",\"urlTemplate\":\"https:\\\/\\\/www.svstones.be\\\/?s={search_term_string}\"},\"query-input\":{\"@type\":\"PropertyValueSpecification\",\"valueRequired\":true,\"valueName\":\"search_term_string\"}}],\"inLanguage\":\"fr-FR\"}]}<\/script>\n<!-- \/ Yoast SEO plugin. -->","yoast_head_json":{"title":"Home | SV Stones","robots":{"index":"index","follow":"follow","max-snippet":"max-snippet:-1","max-image-preview":"max-image-preview:large","max-video-preview":"max-video-preview:-1"},"canonical":"https:\/\/www.svstones.be\/fr\/","og_locale":"fr_FR","og_type":"article","og_title":"Home | SV Stones","og_url":"https:\/\/www.svstones.be\/fr\/","og_site_name":"SV Stones","article_modified_time":"2019-09-12T16:16:37+00:00","twitter_card":"summary_large_image","twitter_misc":{"Dur\u00e9e de lecture estim\u00e9e":"11 minutes"},"schema":{"@context":"https:\/\/schema.org","@graph":[{"@type":"WebPage","@id":"https:\/\/www.svstones.be\/fr\/","url":"https:\/\/www.svstones.be\/fr\/","name":"Home | SV Stones","isPartOf":{"@id":"https:\/\/www.svstones.be\/#website"},"datePublished":"2019-07-08T14:56:56+00:00","dateModified":"2019-09-12T16:16:37+00:00","inLanguage":"fr-FR","potentialAction":[{"@type":"ReadAction","target":["https:\/\/www.svstones.be\/fr\/"]}]},{"@type":"WebSite","@id":"https:\/\/www.svstones.be\/#website","url":"https:\/\/www.svstones.be\/","name":"SV Stones","description":"Ambachtelijk Verouderde Natuursteen","potentialAction":[{"@type":"SearchAction","target":{"@type":"EntryPoint","urlTemplate":"https:\/\/www.svstones.be\/?s={search_term_string}"},"query-input":{"@type":"PropertyValueSpecification","valueRequired":true,"valueName":"search_term_string"}}],"inLanguage":"fr-FR"}]}},"_links":{"self":[{"href":"https:\/\/www.svstones.be\/fr\/wp-json\/wp\/v2\/pages\/1349","targetHints":{"allow":["GET"]}}],"collection":[{"href":"https:\/\/www.svstones.be\/fr\/wp-json\/wp\/v2\/pages"}],"about":[{"href":"https:\/\/www.svstones.be\/fr\/wp-json\/wp\/v2\/types\/page"}],"author":[{"embeddable":true,"href":"https:\/\/www.svstones.be\/fr\/wp-json\/wp\/v2\/users\/3590"}],"replies":[{"embeddable":true,"href":"https:\/\/www.svstones.be\/fr\/wp-json\/wp\/v2\/comments?post=1349"}],"version-history":[{"count":3,"href":"https:\/\/www.svstones.be\/fr\/wp-json\/wp\/v2\/pages\/1349\/revisions"}],"predecessor-version":[{"id":1546,"href":"https:\/\/www.svstones.be\/fr\/wp-json\/wp\/v2\/pages\/1349\/revisions\/1546"}],"wp:attachment":[{"href":"https:\/\/www.svstones.be\/fr\/wp-json\/wp\/v2\/media?parent=1349"}],"curies":[{"name":"wp","href":"https:\/\/api.w.org\/{rel}","templated":true}]}}