{"id":1381,"date":"2019-07-02T21:21:36","date_gmt":"2019-07-02T19:21:36","guid":{"rendered":"https:\/\/www.svstones.be\/declaration-de-confidentialite\/"},"modified":"2022-02-17T14:33:36","modified_gmt":"2022-02-17T13:33:36","slug":"declaration-de-confidentialite","status":"publish","type":"page","link":"https:\/\/www.svstones.be\/fr\/declaration-de-confidentialite\/","title":{"rendered":"Declaration de confidentialite"},"content":{"rendered":"<div class=\"fusion-fullwidth fullwidth-box fusion-builder-row-1 nonhundred-percent-fullwidth non-hundred-percent-height-scrolling\" style=\"--awb-background-position:left top;--awb-border-sizes-top:0px;--awb-border-sizes-bottom:0px;--awb-border-sizes-left:0px;--awb-border-sizes-right:0px;--awb-border-color:#8bc34a;--awb-border-radius-top-left:0px;--awb-border-radius-top-right:0px;--awb-border-radius-bottom-right:0px;--awb-border-radius-bottom-left:0px;--awb-flex-wrap:wrap;\" ><div class=\"fusion-builder-row fusion-row\"><div class=\"fusion-layout-column fusion_builder_column fusion-builder-column-0 fusion_builder_column_1_1 1_1 fusion-one-full fusion-column-first fusion-column-last\" style=\"--awb-bg-size:cover;--awb-border-color:#e91e63;--awb-border-top:0;--awb-border-right:0;--awb-border-bottom:0;--awb-border-left:0;--awb-border-style:solid;\"><div class=\"fusion-column-wrapper fusion-column-has-shadow fusion-flex-column-wrapper-legacy\"><div class=\"fusion-text fusion-text-1\" style=\"--awb-text-transform:none;\"><p>SV STONES, sis \u00e0 Kenislei 42 te Brasschaat est responsable du traitement de donn\u00e9es personnelles comme indiqu\u00e9 dans cette d\u00e9claration de confidentialit\u00e9.<\/p>\n<p>Coordonn\u00e9es<\/p>\n<p><strong>SV STONES<br \/>\n<\/strong>Gomarus van Geelstraat 36<br \/>\n2920 Kalmthout<br \/>\nTel: +32 477 68 60 06<br \/>\nTVA: BE 0837 544 619<\/p>\n<p><a href=\"mailto:info@svstones.be\">info@svstones.be<\/a><\/p>\n<p>SV STONES est un nom de marque de SOUVAVY bvba.<\/p>\n<p><strong>Donn\u00e9es personnelles que nous traitons<br \/>\n<\/strong>SV STONES traite vos donn\u00e9es personnelles parce que vous utilisez nos services et\/ou que vous nous les fournissez vous-m\u00eame. Vous trouverez ci-dessous un aper\u00e7u des donn\u00e9es que nous traitons<\/p>\n<ul>\n<li>Nom et pr\u00e9nom<\/li>\n<li>Num\u00e9ro de t\u00e9l\u00e9phone<\/li>\n<li>Adresse e-mail<\/li>\n<li>Adresse IP<\/li>\n<li>Browser Internet et type d\u2019appareil<\/li>\n<\/ul>\n<p><strong>Donn\u00e9es personnelles sp\u00e9ciales et\/ou sensibles que nous traitons<br \/>\n<\/strong>Notre site Internet et\/ou service n\u2019ont pas l\u2019intention de collecter des donn\u00e9es sur les visiteurs du site de moins de 16 ans, \u00e0 moins qu\u2019ils aient la permission de leurs parents ou de leur tuteur. Cependant, nous ne pouvons pas v\u00e9rifier si un visiteur a moins de 16 ans. Nous conseillons donc aux parents d\u2019\u00eatre impliqu\u00e9s dans les activit\u00e9s en ligne de leurs enfants afin d\u2019\u00e9viter que des donn\u00e9es relatives aux enfants ne soient collect\u00e9es sans l\u2019accord de leurs parents. Si vous \u00eates persuad\u00e9 que nous avons collect\u00e9 des informations personnelles sur un mineur sans cette permission, veuillez nous contacter via <a href=\"mailto:info@svstones.be\">info@svstones.be<\/a>, nous supprimerons alors ces informations.<\/p>\n<p><strong>Dans quel but et sur quelle base traitons-nous les donn\u00e9es personnelles<br \/>\n<\/strong>Les donn\u00e9es personnelles sont trait\u00e9es sur base de l\u2019article 6.1. (a) consentement, (b) n\u00e9cessaire pour la r\u00e9alisation d\u2019un contrat, (f) (n\u00e9cessaire pour la promotion de notre int\u00e9r\u00eat l\u00e9gitime \u00e0 faire des affaires) du R\u00e8glement G\u00e9n\u00e9ral sur la Protection des Donn\u00e9es. Dans la mesure o\u00f9 le traitement des donn\u00e9es personnelles a lieu sur base de l\u2019article 6.1. a) (consentement), le client a toujours le droit de retirer la permission donn\u00e9e.<\/p>\n<ul>\n<li>Le traitement de votre paiement<\/li>\n<li>Pouvoir vous t\u00e9l\u00e9phoner ou contacter par mail si cela est n\u00e9cessaire pour proc\u00e9der \u00e0 des prolongations de services<\/li>\n<li>Vous informer sur les changements et modifications de services et produits<\/li>\n<li>Pour vous livrer des biens et services<\/li>\n<li>SV STONES traite \u00e9galement les donn\u00e9es personnelles si nous y sommes l\u00e9galement tenus, comme les donn\u00e9es dons nous avons besoin pour notre d\u00e9claration de revenus.<\/li>\n<\/ul>\n<p><strong>Prise de d\u00e9cision automatis\u00e9e<br \/>\n<\/strong>SV STONES ne prend pas de d\u00e9cisions fond\u00e9es sur le traitement automatis\u00e9 d\u2019affaires pouvant avoir des cons\u00e9quences (importantes) pour les individus. Ce sont des d\u00e9cisions prises par des programmes ou des syst\u00e8mes informatiques, sans aucune intervention de personne humaine (par exemple, un employ\u00e9 de SV STONES).<\/p>\n<p><strong>Combien de temps conservons-nous les donn\u00e9es personnelles<br \/>\n<\/strong>SV STONES ne conserve pas vos donn\u00e9es personnelles plus longtemps qu\u2019il est\u00a0 n\u00e9cessaire pour atteindre les objectifs pour lesquels vos donn\u00e9es sont collect\u00e9es. Sur la base des obligations l\u00e9gales applicables (y compris la comptabilit\u00e9), nous devons conserver des factures avec vos donn\u00e9es personnelles. Nous conserverons donc ces donn\u00e9es aussi longtemps que vous \u00eates client.<\/p>\n<p><strong>Partage de donn\u00e9es personnelles avec des tiers<br \/>\n<\/strong>SV STONES ne vend pas vos donn\u00e9es \u00e0 des tiers et ne les fournit\u00a0 que si cela s\u2019av\u00e8re n\u00e9cessaire \u00e0 la mise en \u0153uvre de notre accord avec vous ou au respect d\u2019une obligation l\u00e9gale. Nous avons un accord avec les entreprises qui traitent vos donn\u00e9es en notre nom afin de garantir le m\u00eame niveau de s\u00e9curit\u00e9 et de confidentialit\u00e9 de vos donn\u00e9es. SV STONES reste responsable de ce traitement.<\/p>\n<p><strong>Cookies, et techniques comparables, que nous utilisons<br \/>\n<\/strong>SV STONES\u00a0utilise des cookies techniques \/ fonctionnels qui ne portent pas atteinte \u00e0 votre vie priv\u00e9e. Un cookie est un petit fichier texte qui est stock\u00e9 sur votre ordinateur, voire tablette ou smartphone, lors de votre premi\u00e8re visite sur ce site.<\/p>\n<p>Les cookies techniques sont n\u00e9cessaires au fonctionnement technique du site Internet et \u00e0 votre facilit\u00e9 d\u2019utilisation. Ils s\u2019assurent que le site Internet fonctionne correctement et se souviennent de vos pr\u00e9f\u00e9rences. Ainsi nous pouvons \u00e9galement optimiser notre site Internet.<\/p>\n<p>Les cookies fonctionnels m\u00e9morisent certains choix et modifications que vous apportez sur le site (comme par exemple le choix de la langue), ce qui vous donne une exp\u00e9rience de navigation am\u00e9lior\u00e9e et personnalis\u00e9e. L\u2019information collect\u00e9es par ces cookies sont stock\u00e9e de mani\u00e8re anonyme.<\/p>\n<p>Les cookies de session permettent de simplifier les actions d&rsquo;un utilisateur et de les lier les unes aux autres au cours d&rsquo;une session du navigateur. Une session du navigateur commence lorsqu&rsquo;un utilisateur ouvre l&rsquo;\u00e9cran du navigateur et se termine lorsque l&rsquo;\u00e9cran du navigateur est ferm\u00e9. Les cookies de session sont plac\u00e9s temporairement. Par exemple: PHPSESSID.<\/p>\n<p>Sur ce site Internet sont \u00e9galement plac\u00e9s de cookies par des tiers, pour l\u2019analyse du site (Google Analytics) et les m\u00e9dias sociaux. Certains cookies peuvent \u00eatre install\u00e9s par des tiers tels que Facebook, Twitter et Pinterest sous leur propre responsabilit\u00e9. Dans ce cas, nous vous recommandons de lire attentivement les d\u00e9clarations de confidentialit\u00e9 de ces tiers.<\/p>\n<p>Si vous pr\u00e9f\u00e9rez, vous pouvez refuser nos cookies via les param\u00e8tres de confidentialit\u00e9 de votre navigateur. Pour ce faire, nous vous recommandons de vous informer sur les sites d\u2019assistance de votre navigateur. Vous pouvez g\u00e9rer l&rsquo;utilisation de vos cookies de mani\u00e8re individuelle ou globale pour les sites que vous visitez. Vous pouvez \u00e9galement supprimer les cookies d\u00e9j\u00e0 install\u00e9s sur votre ordinateur ou votre appareil mobile. Veuillez noter que la d\u00e9sactivation des cookies peut entra\u00eener un dysfonctionnement de notre site Web. En utilisant notre site Internet, vous acceptez notre utilisation de cookies.<\/p>\n<p><strong>Afficher, modifier ou supprimer des donn\u00e9es<br \/>\n<\/strong>Vous avez le droit de visualiser, de corriger ou de supprimer vos donn\u00e9es personnelles. Ensuite, vous avez le droit de retirer votre consentement au traitement de donn\u00e9es ou de vous opposer au traitement de vos donn\u00e9es personnelles par SV STONES et vous avez le droit de transf\u00e9rer des donn\u00e9es. Cela signifie que vous pouvez nous demander de vous envoyer \u00e0 vous ou \u00e0 un autre organisme mentionn\u00e9 par vous-m\u00eame, les donn\u00e9es personnelles que nous d\u00e9tenons \u00e0 votre sujet. Vous pouvez envoyer une demande d\u2019acc\u00e8s, de correction, de suppression, de transfert de vos donn\u00e9es personnelles ou demande de retrait de votre consentement ou d\u2019objection au traitement de vos donn\u00e9es \u00e0 caract\u00e8re personnel \u00e0 <a href=\"mailto:info@svstones.be\">info@svstones.be<\/a><\/p>\n<p>Pour nous assurer que cette demande est bien faite par vos soins, nous vous demandons de nous envoyer \u00e9galement jointe une copie de votre carte d\u2019identit\u00e9. Sur cette copie il faudra votre photo d\u2019identit\u00e9, le MRZ (machine readable zone, la bande avec les chiffres au bas de la carte d\u2019identit\u00e9), le num\u00e9ro de la carte et le num\u00e9ro de service de citoyen en noir. Ceci pour prot\u00e9ger votre vie priv\u00e9e. Nous r\u00e9pondrons le plus vite possible \u00e0 votre demande, mais dans un d\u00e9lai de 4 semaines.<\/p>\n<p>Le client a le droit de d\u00e9poser une r\u00e9clamation aupr\u00e8s de l\u2019autorit\u00e9 de protection des donn\u00e9es: Rue de la Presse 35, 1000 Bruxelles \u2013 <a href=\"http:\/\/www.autoriteprotectiondonnees.be\" target=\"_blank\" rel=\"noopener\">www.autoriteprotectiondonnees.be<\/a><\/p>\n<p><strong>Google Analytics<br \/>\n<\/strong>Ce site utilise Google Analytics, un service d\u2019analyse de sites internet propos\u00e9 par Google Inc. (\u201cGoogle\u201d). Google Analytics utilise des \u201ccookies\u201d (fichiers texte plac\u00e9s sur votre ordinateur) pour aider le site internet \u00e0 analyser l\u2019utilisation du site par les utilisateurs. Les informations g\u00e9n\u00e9r\u00e9es par le cookie sur votre utilisation du site sont transf\u00e9r\u00e9es vers Google et stock\u00e9es sur leurs serveurs aux Etats Unis. Google utilise ces informations pour garder une trace de votre utilisation du site, pour pr\u00e9parer des rapports sur l\u2019activit\u00e9 du site pour les exploitants et pour offrir d\u2019autres services li\u00e9s \u00e0 l\u2019activit\u00e9 du site et l\u2019utilisation d\u2019Internet. Google peut fournir ces informations \u00e0 des tiers si Google est l\u00e9galement tenu de le faire ou dans la mesure o\u00f9 ces tiers traitent les informations pour le compte de Google. Dans tout autre cas, le partage de donn\u00e9es \u00e0 des tiers est d\u00e9sactiv\u00e9e. SV STONES a conclu un accord de traitement avec Google et a choisi de masquer une partie de l\u2019adresse IP. Nous n\u2019utilisons pas d\u2019autres services Google en combinaison avec les cookies de Google Analytics. Vous pouvez refuser l\u2019utilisation de cookies en choisissant les param\u00e8tres appropri\u00e9s dans votre navigateur. Cependant, nous vous signalons que dans ce cas, vous ne pourrez peut-\u00eatre pas utiliser toutes les possibilit\u00e9s de ce site. En utilisant ce site internet, vous consentez express\u00e9ment au traitement de donn\u00e9es par Google de la mani\u00e8re et aux fins d\u00e9crites ci-dessus.<\/p>\n<p><strong>Comment nous prot\u00e9geons les donn\u00e9es personnelles<br \/>\n<\/strong>SV STONES prend la protection de vos donn\u00e9es au s\u00e9rieux et prend les mesures appropri\u00e9es pour pr\u00e9venir les abus, les pertes, les acc\u00e8s non autoris\u00e9s, la divulgation non souhait\u00e9e et les modifications non autoris\u00e9es. Si vous avez l\u2019impression que vos donn\u00e9es ne sont pas correctement prot\u00e9g\u00e9es ou s\u2019il existe des signes d\u2019abus, veuillez prendre contact via <a href=\"mailto:info@svstones.be\">info@svstones.be<\/a><span style=\"color: #ff0000;\">\u00a0<\/span><\/p>\n<p><strong>Changements de cette d\u00e9claration de confidentialit\u00e9<br \/>\n<\/strong>Nous nous r\u00e9servons le droit de modifier la d\u00e9claration de confidentialit\u00e9 \u00e0 tout moment. Cependant, vous trouverez toujours la version la plus r\u00e9cente sur cette page. Si une nouvelle d\u00e9claration de confidentialit\u00e9 avait des cons\u00e9quences sur la mani\u00e8re dont nous traitons les donn\u00e9es d\u00e9j\u00e0 collect\u00e9es sur vous, nous vous en informerons par mail.<\/p>\n<\/div><div class=\"fusion-clearfix\"><\/div><\/div><\/div><\/div><\/div>\n","protected":false},"excerpt":{"rendered":"","protected":false},"author":3590,"featured_media":0,"parent":0,"menu_order":0,"comment_status":"closed","ping_status":"closed","template":"","meta":{"footnotes":""},"class_list":["post-1381","page","type-page","status-publish","hentry"],"yoast_head":"<!-- This site is optimized with the Yoast SEO plugin v27.5 - https:\/\/yoast.com\/product\/yoast-seo-wordpress\/ -->\n<title>Declaration de confidentialite | SV Stones<\/title>\n<meta name=\"robots\" content=\"index, follow, max-snippet:-1, max-image-preview:large, max-video-preview:-1\" \/>\n<link rel=\"canonical\" href=\"https:\/\/www.svstones.be\/fr\/declaration-de-confidentialite\/\" \/>\n<meta property=\"og:locale\" content=\"fr_FR\" \/>\n<meta property=\"og:type\" content=\"article\" \/>\n<meta property=\"og:title\" content=\"Declaration de confidentialite | SV Stones\" \/>\n<meta property=\"og:url\" content=\"https:\/\/www.svstones.be\/fr\/declaration-de-confidentialite\/\" \/>\n<meta property=\"og:site_name\" content=\"SV Stones\" \/>\n<meta property=\"article:modified_time\" content=\"2022-02-17T13:33:36+00:00\" \/>\n<meta name=\"twitter:card\" content=\"summary_large_image\" \/>\n<meta name=\"twitter:label1\" content=\"Dur\u00e9e de lecture estim\u00e9e\" \/>\n\t<meta name=\"twitter:data1\" content=\"10 minutes\" \/>\n<script type=\"application\/ld+json\" class=\"yoast-schema-graph\">{\"@context\":\"https:\\\/\\\/schema.org\",\"@graph\":[{\"@type\":\"WebPage\",\"@id\":\"https:\\\/\\\/www.svstones.be\\\/fr\\\/declaration-de-confidentialite\\\/\",\"url\":\"https:\\\/\\\/www.svstones.be\\\/fr\\\/declaration-de-confidentialite\\\/\",\"name\":\"Declaration de confidentialite | SV Stones\",\"isPartOf\":{\"@id\":\"https:\\\/\\\/www.svstones.be\\\/#website\"},\"datePublished\":\"2019-07-02T19:21:36+00:00\",\"dateModified\":\"2022-02-17T13:33:36+00:00\",\"inLanguage\":\"fr-FR\",\"potentialAction\":[{\"@type\":\"ReadAction\",\"target\":[\"https:\\\/\\\/www.svstones.be\\\/fr\\\/declaration-de-confidentialite\\\/\"]}]},{\"@type\":\"WebSite\",\"@id\":\"https:\\\/\\\/www.svstones.be\\\/#website\",\"url\":\"https:\\\/\\\/www.svstones.be\\\/\",\"name\":\"SV Stones\",\"description\":\"Ambachtelijk Verouderde Natuursteen\",\"potentialAction\":[{\"@type\":\"SearchAction\",\"target\":{\"@type\":\"EntryPoint\",\"urlTemplate\":\"https:\\\/\\\/www.svstones.be\\\/?s={search_term_string}\"},\"query-input\":{\"@type\":\"PropertyValueSpecification\",\"valueRequired\":true,\"valueName\":\"search_term_string\"}}],\"inLanguage\":\"fr-FR\"}]}<\/script>\n<!-- \/ Yoast SEO plugin. -->","yoast_head_json":{"title":"Declaration de confidentialite | SV Stones","robots":{"index":"index","follow":"follow","max-snippet":"max-snippet:-1","max-image-preview":"max-image-preview:large","max-video-preview":"max-video-preview:-1"},"canonical":"https:\/\/www.svstones.be\/fr\/declaration-de-confidentialite\/","og_locale":"fr_FR","og_type":"article","og_title":"Declaration de confidentialite | SV Stones","og_url":"https:\/\/www.svstones.be\/fr\/declaration-de-confidentialite\/","og_site_name":"SV Stones","article_modified_time":"2022-02-17T13:33:36+00:00","twitter_card":"summary_large_image","twitter_misc":{"Dur\u00e9e de lecture estim\u00e9e":"10 minutes"},"schema":{"@context":"https:\/\/schema.org","@graph":[{"@type":"WebPage","@id":"https:\/\/www.svstones.be\/fr\/declaration-de-confidentialite\/","url":"https:\/\/www.svstones.be\/fr\/declaration-de-confidentialite\/","name":"Declaration de confidentialite | SV Stones","isPartOf":{"@id":"https:\/\/www.svstones.be\/#website"},"datePublished":"2019-07-02T19:21:36+00:00","dateModified":"2022-02-17T13:33:36+00:00","inLanguage":"fr-FR","potentialAction":[{"@type":"ReadAction","target":["https:\/\/www.svstones.be\/fr\/declaration-de-confidentialite\/"]}]},{"@type":"WebSite","@id":"https:\/\/www.svstones.be\/#website","url":"https:\/\/www.svstones.be\/","name":"SV Stones","description":"Ambachtelijk Verouderde Natuursteen","potentialAction":[{"@type":"SearchAction","target":{"@type":"EntryPoint","urlTemplate":"https:\/\/www.svstones.be\/?s={search_term_string}"},"query-input":{"@type":"PropertyValueSpecification","valueRequired":true,"valueName":"search_term_string"}}],"inLanguage":"fr-FR"}]}},"_links":{"self":[{"href":"https:\/\/www.svstones.be\/fr\/wp-json\/wp\/v2\/pages\/1381","targetHints":{"allow":["GET"]}}],"collection":[{"href":"https:\/\/www.svstones.be\/fr\/wp-json\/wp\/v2\/pages"}],"about":[{"href":"https:\/\/www.svstones.be\/fr\/wp-json\/wp\/v2\/types\/page"}],"author":[{"embeddable":true,"href":"https:\/\/www.svstones.be\/fr\/wp-json\/wp\/v2\/users\/3590"}],"replies":[{"embeddable":true,"href":"https:\/\/www.svstones.be\/fr\/wp-json\/wp\/v2\/comments?post=1381"}],"version-history":[{"count":5,"href":"https:\/\/www.svstones.be\/fr\/wp-json\/wp\/v2\/pages\/1381\/revisions"}],"predecessor-version":[{"id":1606,"href":"https:\/\/www.svstones.be\/fr\/wp-json\/wp\/v2\/pages\/1381\/revisions\/1606"}],"wp:attachment":[{"href":"https:\/\/www.svstones.be\/fr\/wp-json\/wp\/v2\/media?parent=1381"}],"curies":[{"name":"wp","href":"https:\/\/api.w.org\/{rel}","templated":true}]}}